{"id":434,"date":"2015-02-22T19:21:26","date_gmt":"2015-02-22T19:21:26","guid":{"rendered":"http:\/\/www.bsv-meschede.de\/?page_id=434"},"modified":"2026-02-08T15:20:52","modified_gmt":"2026-02-08T15:20:52","slug":"g-judo-judo-fur-menschen-mit-behinderung","status":"publish","type":"page","link":"https:\/\/www.bsv-meschede.de\/?page_id=434","title":{"rendered":"ID-Judo"},"content":{"rendered":"<p><span style=\"color: #339966;\"><strong>ID-Judo als Rehasport &#8211; Judo f\u00fcr Menschen mit Behinderung<\/strong><\/span><\/p>\n<p><strong>Nur auf den ersten Blick erscheint diese Aussage wie ein Widerspruch.<\/strong><\/p>\n<p><strong>Denn dahinter steht nicht nur der Sport selber, sondern auch die Elemente<\/strong><\/p>\n<p><strong>des Sport &#8222;Judo&#8220;, der missverstanden als Kampfsport gilt.<\/strong><\/p>\n<p><strong>G-Judo, kombiniert mit Gymnastik und Spiele ist ein ideales Sportangebot f\u00fcr<\/strong><\/p>\n<p><strong>Menschen mit einem geistigen Handicap oder mehrfacher Behinderung.<\/strong><\/p>\n<p><span style=\"color: #339966;\"><strong>Mit Hilfe<\/strong><\/span><\/p>\n<ul>\n<li>vieler Stand-und Bodentechniken<\/li>\n<li>Kombinations-und Kontertechniken<\/li>\n<li>sowie \u00dcbungen zum sicheren Fallen, werfen und halten<\/li>\n<\/ul>\n<p>kann Judo eine umfangreiche Motorikentwicklung bewirken.<a href=\"http:\/\/www.bsv-meschede.de\/wp-content\/uploads\/2015\/02\/P1010105.jpg\"><img loading=\"lazy\" decoding=\"async\" class=\"alignright size-medium wp-image-440\" title=\"P1010105\" src=\"http:\/\/www.bsv-meschede.de\/wp-content\/uploads\/2015\/02\/P1010105-300x225.jpg\" alt=\"\" width=\"300\" height=\"225\" srcset=\"https:\/\/www.bsv-meschede.de\/wp-content\/uploads\/2015\/02\/P1010105-300x225.jpg 300w, https:\/\/www.bsv-meschede.de\/wp-content\/uploads\/2015\/02\/P1010105-1024x768.jpg 1024w\" sizes=\"auto, (max-width: 300px) 100vw, 300px\" \/><\/a><\/p>\n<p><span style=\"color: #339966;\"><strong>Desweiteren f\u00f6rdert Judo<\/strong><\/span><\/p>\n<ul>\n<li>die Kondition<\/li>\n<li>das Gleichgewicht<\/li>\n<li>die Konzentration<\/li>\n<li>die Koordination<\/li>\n<li>die Reaktion<\/li>\n<li>die Kraft<\/li>\n<li>die Beweglichkeit<\/li>\n<\/ul>\n<p>Deines K\u00f6rpers. Gleichzeitig wird das Sozialverhalten geschult und<\/p>\n<p>das Selbstbewu\u00dftsein gest\u00e4rkt.<\/p>\n<p>Das <em><span style=\"text-decoration: underline;\"><strong>&#8222;Erlebnis&#8220;<\/strong><\/span><\/em> steht beim Erlernen der unterschiedlichen Techniken<\/p>\n<p>immer im Vordergrund. Jeder Judoka, kann individuell seinen F\u00e4higkeiten<\/p>\n<p>entsprechend durch G\u00fcrtelpr\u00fcfungen einen h\u00f6heren Judo-Grad erreichen,<\/p>\n<p>und an verschiedenen Wettk\u00e4mpfen ( Special Olympics, Bethel Athletics und<\/p>\n<p>Landesmeisterschaften) teilnehmen. Der Spa\u00dffaktor begleitet jede Aktion.<\/p>\n<p><span style=\"text-decoration: underline;\"><em><strong>&#8222;Dabei sein ist Alles&#8220;!<\/strong><\/em><\/span><\/p>\n<p>Unsere Judo-Gruppe besteht zurzeit aus 12 Judokas, dem \u00dcbungsleiter f\u00fcr<\/p>\n<p>&#8222;Geistige Behinderung&#8220; Lothar Braukmann sowie Christoph Gmyrek:<\/p>\n<p>Sportlehrer am Gymnasium, 2. Dan Tr\u00e4ger und mehrmaliger Deutscher &#8222;Kata-Meister&#8220;.<\/p>\n<p>Wenn Du Lust hast, schau doch mal vorbei!.<\/p>\n<p><span style=\"color: #0000ff;\"><strong><a href=\"https:\/\/youtu.be\/usVdw9ojYt0\"><span style=\"color: #0000ff;\">https:\/\/youtu.be\/usVdw9ojYt0<\/span><\/a> <\/strong><\/span><br \/>\n<span style=\"color: #0000ff;\"><strong><a href=\"https:\/\/youtu.be\/3QOwUbJzNlA\"><span style=\"color: #0000ff;\">https:\/\/youtu.be\/3QOwUbJzN\u00a0\u00a0\u00a0<\/span><\/a><\/strong><\/span><\/p>\n<p>&nbsp;<\/p>\n<p>Wir k\u00f6nnen auch ernst sein!!!<\/p>\n<p><iframe loading=\"lazy\" title=\"Judoma\u0308rchen\" width=\"500\" height=\"281\" src=\"https:\/\/www.youtube.com\/embed\/tYNKvXggfEA?feature=oembed\" frameborder=\"0\" allow=\"accelerometer; autoplay; clipboard-write; encrypted-media; gyroscope; picture-in-picture; web-share\" referrerpolicy=\"strict-origin-when-cross-origin\" allowfullscreen><\/iframe><\/p>\n<p><iframe loading=\"lazy\" title=\"Frohe Weihnachten\" width=\"500\" height=\"281\" src=\"https:\/\/www.youtube.com\/embed\/bglmjVsTUHk?feature=oembed\" frameborder=\"0\" allow=\"accelerometer; autoplay; clipboard-write; encrypted-media; gyroscope; picture-in-picture; web-share\" referrerpolicy=\"strict-origin-when-cross-origin\" allowfullscreen><\/iframe><\/p>\n<h3><span style=\"color: #ff0000;\"><a href=\"https:\/\/youtu.be\/bglmjVsTUHk\"><span style=\"color: #ff0000;\">\u00a0https:\/\/youtu.be\/bglmjVsTUHk<\/span><\/a><\/span><\/h3>\n<p><iframe loading=\"lazy\" title=\"Judo beim BSV Meschede\" width=\"500\" height=\"281\" src=\"https:\/\/www.youtube.com\/embed\/iV_D8mveQxI?feature=oembed\" frameborder=\"0\" allow=\"accelerometer; autoplay; clipboard-write; encrypted-media; gyroscope; picture-in-picture; web-share\" referrerpolicy=\"strict-origin-when-cross-origin\" allowfullscreen><\/iframe><\/p>\n<p><iframe loading=\"lazy\" title=\"Fohe Weihnachten 2021\" width=\"500\" height=\"281\" src=\"https:\/\/www.youtube.com\/embed\/Awt10abjDcw?feature=oembed\" frameborder=\"0\" allow=\"accelerometer; autoplay; clipboard-write; encrypted-media; gyroscope; picture-in-picture; web-share\" referrerpolicy=\"strict-origin-when-cross-origin\" allowfullscreen><\/iframe><\/p>\n<p><iframe loading=\"lazy\" title=\"Die Weihnachtsm\u00fctze ist nicht genug\" width=\"500\" height=\"281\" src=\"https:\/\/www.youtube.com\/embed\/Qy8gNZ6uaCU?feature=oembed\" frameborder=\"0\" allow=\"accelerometer; autoplay; clipboard-write; encrypted-media; gyroscope; picture-in-picture; web-share\" referrerpolicy=\"strict-origin-when-cross-origin\" allowfullscreen><\/iframe><\/p>\n<p><iframe loading=\"lazy\" title=\"Inspector Judoeau: Die (rosa)rote Mu\u0308tze wird gejagt\" width=\"500\" height=\"281\" src=\"https:\/\/www.youtube.com\/embed\/a4WNTkBFrVI?feature=oembed\" frameborder=\"0\" allow=\"accelerometer; autoplay; clipboard-write; encrypted-media; gyroscope; picture-in-picture; web-share\" referrerpolicy=\"strict-origin-when-cross-origin\" allowfullscreen><\/iframe><\/p>\n<p><iframe loading=\"lazy\" title=\"Frohe Weihnachten 2024\" width=\"500\" height=\"281\" src=\"https:\/\/www.youtube.com\/embed\/ekyYZUrSgqI?feature=oembed\" frameborder=\"0\" allow=\"accelerometer; autoplay; clipboard-write; encrypted-media; gyroscope; picture-in-picture; web-share\" referrerpolicy=\"strict-origin-when-cross-origin\" allowfullscreen><\/iframe><\/p>\n","protected":false},"excerpt":{"rendered":"<p>ID-Judo als Rehasport &#8211; Judo f\u00fcr Menschen mit Behinderung Nur auf den ersten Blick erscheint diese Aussage wie ein Widerspruch. Denn dahinter steht nicht nur der Sport selber, sondern auch die Elemente des Sport &#8222;Judo&#8220;, der missverstanden als Kampfsport gilt. G-Judo, kombiniert mit Gymnastik und Spiele ist ein ideales Sportangebot f\u00fcr Menschen mit einem geistigen [&hellip;]<\/p>\n","protected":false},"author":2,"featured_media":0,"parent":0,"menu_order":0,"comment_status":"closed","ping_status":"open","template":"","meta":{"footnotes":""},"class_list":["post-434","page","type-page","status-publish","hentry"],"_links":{"self":[{"href":"https:\/\/www.bsv-meschede.de\/index.php?rest_route=\/wp\/v2\/pages\/434","targetHints":{"allow":["GET"]}}],"collection":[{"href":"https:\/\/www.bsv-meschede.de\/index.php?rest_route=\/wp\/v2\/pages"}],"about":[{"href":"https:\/\/www.bsv-meschede.de\/index.php?rest_route=\/wp\/v2\/types\/page"}],"author":[{"embeddable":true,"href":"https:\/\/www.bsv-meschede.de\/index.php?rest_route=\/wp\/v2\/users\/2"}],"replies":[{"embeddable":true,"href":"https:\/\/www.bsv-meschede.de\/index.php?rest_route=%2Fwp%2Fv2%2Fcomments&post=434"}],"version-history":[{"count":39,"href":"https:\/\/www.bsv-meschede.de\/index.php?rest_route=\/wp\/v2\/pages\/434\/revisions"}],"predecessor-version":[{"id":1246,"href":"https:\/\/www.bsv-meschede.de\/index.php?rest_route=\/wp\/v2\/pages\/434\/revisions\/1246"}],"wp:attachment":[{"href":"https:\/\/www.bsv-meschede.de\/index.php?rest_route=%2Fwp%2Fv2%2Fmedia&parent=434"}],"curies":[{"name":"wp","href":"https:\/\/api.w.org\/{rel}","templated":true}]}}