{"id":15,"date":"2012-05-22T14:04:16","date_gmt":"2012-05-22T14:04:16","guid":{"rendered":"http:\/\/new.bsv-meschede.de\/?page_id=15"},"modified":"2017-08-22T16:45:05","modified_gmt":"2017-08-22T16:45:05","slug":"sport-nach-schlaganfall","status":"publish","type":"page","link":"https:\/\/www.bsv-meschede.de\/?page_id=15","title":{"rendered":"Reha-Sport nach Neurologischer Erkrankung"},"content":{"rendered":"<p>&nbsp;<\/p>\n<h4><strong>Weshalb ist gerade Reha-Sport nach neurologischer Erkrankung so wichtig?<\/strong><\/h4>\n<p>Er ist wichtig f\u00fcr die Krankheitsbew\u00e4ltigung, er steigert die k\u00f6rperliche Fitness, st\u00e4rkt die Muskulatur, verbessert die Ausdauer, Kraft und Koordination. Das bedeutet l\u00e4ngere Mobilit\u00e4t.<\/p>\n<p><strong>Was sind die Ziele der Sporttherapie nach neurologischer Erkrankung?<br \/>\n<\/strong><\/p>\n<ul>\n<li>Sie f\u00f6rdert die Koordination<\/li>\n<li>Sie f\u00f6rdert die Aktivit\u00e4ten des t\u00e4glichen Lebens (ADL-activities of daily living)<\/li>\n<li>Sie verbessert die Ausdauer &#8211; Leistungsf\u00e4higkeit<\/li>\n<li>Sie verbessert die Lebensqualit\u00e4t<\/li>\n<li>und vermeidet den sozialen R\u00fcckzug<\/li>\n<\/ul>\n<div><a href=\"http:\/\/www.bsv-meschede.de\/wp-content\/uploads\/2012\/05\/DSCI1052.jpg\"><img loading=\"lazy\" decoding=\"async\" class=\"alignleft size-large wp-image-553\" title=\"DSCI1052\" src=\"http:\/\/www.bsv-meschede.de\/wp-content\/uploads\/2012\/05\/DSCI1052-1024x768.jpg\" alt=\"\" width=\"560\" height=\"406\" \/><\/a><\/div>\n<p>&nbsp;<\/p>\n<h4><\/h4>\n<p>&nbsp;<\/p>\n<p>&nbsp;<\/p>\n<p>&nbsp;<\/p>\n<p>&nbsp;<\/p>\n<p>&nbsp;<\/p>\n<p>&nbsp;<\/p>\n<p>&nbsp;<\/p>\n<p>&nbsp;<\/p>\n<p>&nbsp;<\/p>\n<p>&nbsp;<\/p>\n<p>&nbsp;<\/p>\n<p>&nbsp;<\/p>\n<h4><\/h4>\n<p>&nbsp;<\/p>\n<h4>Welche positiven Effekte hat Reha-Sport nach Schlaganfall?<\/h4>\n<ul>\n<li>Festigung von erlernten Bewegungen f\u00fcr den Alltag<\/li>\n<li>Erg\u00e4nzung zum Wiedererlernen von Sprache und Schrift<\/li>\n<li>g\u00fcnstiger Effekt auf Risikofaktoren wie Bluthochdruck, \u00dcbergewicht, Bewegungsmangel<\/li>\n<li>Die Selbsteinsch\u00e4tzung wird verbessert, St\u00e4rken werden erkannt, eine Behinderung wird angenommen<\/li>\n<\/ul>\n<div>Weitere Informationen zum Sport nach Schlaganfall finden Sie auch in unserem aktuellen <strong><span style=\"text-decoration: underline;\"><span style=\"color: #3366ff;\"><a href=\"http:\/\/www.bsv-meschede.de\/wp-content\/uploads\/2012\/05\/Flyer-hier-zum-Download.pdf\"><span style=\"color: #3366ff; text-decoration: underline;\">Flyer hier zum Download.<\/span><\/a><\/span><\/span><\/strong><\/p>\n<address>\u00a0<\/address>\n<\/div>\n","protected":false},"excerpt":{"rendered":"<p>&nbsp; Weshalb ist gerade Reha-Sport nach neurologischer Erkrankung so wichtig? Er ist wichtig f\u00fcr die Krankheitsbew\u00e4ltigung, er steigert die k\u00f6rperliche Fitness, st\u00e4rkt die Muskulatur, verbessert die Ausdauer, Kraft und Koordination. Das bedeutet l\u00e4ngere Mobilit\u00e4t. Was sind die Ziele der Sporttherapie nach neurologischer Erkrankung? Sie f\u00f6rdert die Koordination Sie f\u00f6rdert die Aktivit\u00e4ten des t\u00e4glichen Lebens (ADL-activities [&hellip;]<\/p>\n","protected":false},"author":1,"featured_media":0,"parent":0,"menu_order":3,"comment_status":"closed","ping_status":"open","template":"","meta":{"footnotes":""},"class_list":["post-15","page","type-page","status-publish","hentry"],"_links":{"self":[{"href":"https:\/\/www.bsv-meschede.de\/index.php?rest_route=\/wp\/v2\/pages\/15","targetHints":{"allow":["GET"]}}],"collection":[{"href":"https:\/\/www.bsv-meschede.de\/index.php?rest_route=\/wp\/v2\/pages"}],"about":[{"href":"https:\/\/www.bsv-meschede.de\/index.php?rest_route=\/wp\/v2\/types\/page"}],"author":[{"embeddable":true,"href":"https:\/\/www.bsv-meschede.de\/index.php?rest_route=\/wp\/v2\/users\/1"}],"replies":[{"embeddable":true,"href":"https:\/\/www.bsv-meschede.de\/index.php?rest_route=%2Fwp%2Fv2%2Fcomments&post=15"}],"version-history":[{"count":13,"href":"https:\/\/www.bsv-meschede.de\/index.php?rest_route=\/wp\/v2\/pages\/15\/revisions"}],"predecessor-version":[{"id":77,"href":"https:\/\/www.bsv-meschede.de\/index.php?rest_route=\/wp\/v2\/pages\/15\/revisions\/77"}],"wp:attachment":[{"href":"https:\/\/www.bsv-meschede.de\/index.php?rest_route=%2Fwp%2Fv2%2Fmedia&parent=15"}],"curies":[{"name":"wp","href":"https:\/\/api.w.org\/{rel}","templated":true}]}}