{"id":13,"date":"2012-05-22T11:47:38","date_gmt":"2012-05-22T11:47:38","guid":{"rendered":"http:\/\/new.bsv-meschede.de\/?page_id=13"},"modified":"2025-04-05T15:15:13","modified_gmt":"2025-04-05T15:15:13","slug":"rehabilitations-sport","status":"publish","type":"page","link":"https:\/\/www.bsv-meschede.de\/?page_id=13","title":{"rendered":"Rehabilitations-Sport"},"content":{"rendered":"<p><strong>Im Gegensatz zum Leistungssport ist Reha-Sport die ideale Erg\u00e4nzung und Weiterf\u00fchrung der medizinischen und Sozialen Rehabilitation. Der Sport in der Gemeinschaft, der unter Anleitung unserer qualifitierten Reha-Sport-Therapeuten (w\/m) stattfindet, verbessert k\u00f6rperliche Funk-tionen, trainiert Kondition und Koordination und schafft neues Selbstvertrauen.<\/strong><\/p>\n<h4><a href=\"http:\/\/new.bsv-meschede.de\/wp-content\/uploads\/2012\/05\/Rehafrei2P1070172neu.jpg\"><img loading=\"lazy\" decoding=\"async\" class=\"alignnone size-full wp-image-125\" title=\"Rehafrei2P1070172neu\" src=\"http:\/\/new.bsv-meschede.de\/wp-content\/uploads\/2012\/05\/Rehafrei2P1070172neu.jpg\" alt=\"\" width=\"436\" height=\"291\" srcset=\"https:\/\/www.bsv-meschede.de\/wp-content\/uploads\/2012\/05\/Rehafrei2P1070172neu.jpg 436w, https:\/\/www.bsv-meschede.de\/wp-content\/uploads\/2012\/05\/Rehafrei2P1070172neu-300x200.jpg 300w\" sizes=\"auto, (max-width: 436px) 100vw, 436px\" \/><\/a><\/h4>\n<h4>Welchen Nutzen hat Rehabilitations-Sport?<\/h4>\n<ul>\n<li>Er f\u00f6rdert die k\u00f6rperliche Fitness<\/li>\n<li>Er stabilisiert das Immunsystem<\/li>\n<li>Er st\u00e4rkt die Muskulatur<\/li>\n<li>Er verbessert die Beweglichkeit<\/li>\n<li>Er f\u00f6rdert Kondition und Koordination<a href=\"http:\/\/new.bsv-meschede.de\/wp-content\/uploads\/2012\/05\/Flyer-Reha-Sport.pdf\" target=\"_blank\" rel=\"noopener\"><br \/>\n<\/a><\/li>\n<li>Er mobilisiert Herz- und Kreislauf<\/li>\n<li>Er steigert das Selbstvertrauen<\/li>\n<li>Er lehrt positives Denken<\/li>\n<li>Er verbessert das Wohlbefinden<\/li>\n<li>Er lehrt Stress abzubauen<\/li>\n<li>Er f\u00f6rdert die Wahrnehmung des eigenen K\u00f6rpers<\/li>\n<li>Er vermeidet den sozialen R\u00fcckzug<\/li>\n<li>Und schenkt Lebensfreude<\/li>\n<\/ul>\n<p>F\u00fcr Reha-Sport nach neurologischer Erkrankung bietet der Behinderten-Sportverein Meschede (BSV) ein spezielles Angebot.<\/p>\n<p>Interessieren Sie sich f\u00fcr die Angebote unseres Vereins dann melden Sie sich bitte bei Karin Igges, erste Vorsitzende, Telefon 0291-9529279, oder Manuela Bathen, stellvertretende Vorsitzende, Telefon 0291-7066. (siehe <a title=\"Kontakt\" href=\"http:\/\/new.bsv-meschede.de\/?page_id=21\">Kontakt<\/a>).<\/p>\n<p>Weitere Informationen zum Reha-Sport finden Sie auch in unserem aktuellen <span style=\"color: #3366ff;\"><strong><span style=\"text-decoration: underline;\"><a href=\"http:\/\/www.bsv-meschede.de\/wp-content\/uploads\/2012\/05\/Flyer-hier-zum-Download2.pdf\"><span style=\"color: #3366ff; text-decoration: underline;\">Flyer hier zum Download.<\/span><\/a><\/span><\/strong><\/span><\/p>\n","protected":false},"excerpt":{"rendered":"<p>Im Gegensatz zum Leistungssport ist Reha-Sport die ideale Erg\u00e4nzung und Weiterf\u00fchrung der medizinischen und Sozialen Rehabilitation. Der Sport in der Gemeinschaft, der unter Anleitung unserer qualifitierten Reha-Sport-Therapeuten (w\/m) stattfindet, verbessert k\u00f6rperliche Funk-tionen, trainiert Kondition und Koordination und schafft neues Selbstvertrauen. Welchen Nutzen hat Rehabilitations-Sport? Er f\u00f6rdert die k\u00f6rperliche Fitness Er stabilisiert das Immunsystem Er st\u00e4rkt [&hellip;]<\/p>\n","protected":false},"author":1,"featured_media":0,"parent":0,"menu_order":2,"comment_status":"closed","ping_status":"open","template":"","meta":{"footnotes":""},"class_list":["post-13","page","type-page","status-publish","hentry"],"_links":{"self":[{"href":"https:\/\/www.bsv-meschede.de\/index.php?rest_route=\/wp\/v2\/pages\/13","targetHints":{"allow":["GET"]}}],"collection":[{"href":"https:\/\/www.bsv-meschede.de\/index.php?rest_route=\/wp\/v2\/pages"}],"about":[{"href":"https:\/\/www.bsv-meschede.de\/index.php?rest_route=\/wp\/v2\/types\/page"}],"author":[{"embeddable":true,"href":"https:\/\/www.bsv-meschede.de\/index.php?rest_route=\/wp\/v2\/users\/1"}],"replies":[{"embeddable":true,"href":"https:\/\/www.bsv-meschede.de\/index.php?rest_route=%2Fwp%2Fv2%2Fcomments&post=13"}],"version-history":[{"count":17,"href":"https:\/\/www.bsv-meschede.de\/index.php?rest_route=\/wp\/v2\/pages\/13\/revisions"}],"predecessor-version":[{"id":1239,"href":"https:\/\/www.bsv-meschede.de\/index.php?rest_route=\/wp\/v2\/pages\/13\/revisions\/1239"}],"wp:attachment":[{"href":"https:\/\/www.bsv-meschede.de\/index.php?rest_route=%2Fwp%2Fv2%2Fmedia&parent=13"}],"curies":[{"name":"wp","href":"https:\/\/api.w.org\/{rel}","templated":true}]}}